{"id":73,"date":"2018-09-07T16:43:40","date_gmt":"2018-09-07T14:43:40","guid":{"rendered":"https:\/\/dawntec.com\/web\/?page_id=73"},"modified":"2025-11-13T00:42:01","modified_gmt":"2025-11-12T23:42:01","slug":"it-service","status":"publish","type":"page","link":"https:\/\/dawntec.com\/web\/it-service\/","title":{"rendered":"IT-Service"},"content":{"rendered":"\t\t<div data-elementor-type=\"wp-page\" data-elementor-id=\"73\" class=\"elementor elementor-73\" data-elementor-post-type=\"page\">\n\t\t\t\t\t\t<section class=\"elementor-section elementor-top-section elementor-element elementor-element-1a4bc9a3 elementor-section-boxed elementor-section-height-default elementor-section-height-default\" data-id=\"1a4bc9a3\" data-element_type=\"section\" data-e-type=\"section\">\n\t\t\t\t\t\t<div class=\"elementor-container elementor-column-gap-default\">\n\t\t\t\t\t<div class=\"elementor-column elementor-col-100 elementor-top-column elementor-element elementor-element-366e9075\" data-id=\"366e9075\" data-element_type=\"column\" data-e-type=\"column\">\n\t\t\t<div class=\"elementor-widget-wrap elementor-element-populated\">\n\t\t\t\t\t\t<div class=\"elementor-element elementor-element-313f55be elementor-widget elementor-widget-text-editor\" data-id=\"313f55be\" data-element_type=\"widget\" data-e-type=\"widget\" data-widget_type=\"text-editor.default\">\n\t\t\t\t<div class=\"elementor-widget-container\">\n\t\t\t\t\t\t\t\t\t<p>Dawntec bietet seinen Kunden seit nunmehr als 18 Jahren in der Euregio Aachen, K\u00f6ln und den Niederlande L\u00f6sungen Knowhow &amp; Sachkompetenz, um neuen Anforderungen im Businessalltag gerecht zu werden.<\/p><p>Wir setzen dabei auf eine langfristige Zusammenarbeit und die Umsetzung im Sinne des Kunden und der Wirtschaftlichkeit.<\/p>\t\t\t\t\t\t\t\t<\/div>\n\t\t\t\t<\/div>\n\t\t\t\t\t<\/div>\n\t\t<\/div>\n\t\t\t\t\t<\/div>\n\t\t<\/section>\n\t\t\t\t<section class=\"elementor-section elementor-top-section elementor-element elementor-element-6ba00723 elementor-section-content-middle elementor-section-boxed elementor-section-height-default elementor-section-height-default\" data-id=\"6ba00723\" data-element_type=\"section\" data-e-type=\"section\">\n\t\t\t\t\t\t<div class=\"elementor-container elementor-column-gap-no\">\n\t\t\t\t\t<div class=\"elementor-column elementor-col-50 elementor-top-column elementor-element elementor-element-4b656dc1\" data-id=\"4b656dc1\" data-element_type=\"column\" data-e-type=\"column\">\n\t\t\t<div class=\"elementor-widget-wrap elementor-element-populated\">\n\t\t\t\t\t\t<div class=\"elementor-element elementor-element-3cf1b590 elementor-widget elementor-widget-heading\" data-id=\"3cf1b590\" data-element_type=\"widget\" data-e-type=\"widget\" data-widget_type=\"heading.default\">\n\t\t\t\t<div class=\"elementor-widget-container\">\n\t\t\t\t\t<h2 class=\"elementor-heading-title elementor-size-default\">Leistungen und Themengebiete des IT Service von Dawntec:<\/h2>\t\t\t\t<\/div>\n\t\t\t\t<\/div>\n\t\t\t\t\t<\/div>\n\t\t<\/div>\n\t\t\t\t<div class=\"elementor-column elementor-col-50 elementor-top-column elementor-element elementor-element-679efa7c\" data-id=\"679efa7c\" data-element_type=\"column\" data-e-type=\"column\">\n\t\t\t<div class=\"elementor-widget-wrap elementor-element-populated\">\n\t\t\t\t\t\t<div class=\"elementor-element elementor-element-3d667206 elementor-widget elementor-widget-toggle\" data-id=\"3d667206\" data-element_type=\"widget\" data-e-type=\"widget\" data-widget_type=\"toggle.default\">\n\t\t\t\t<div class=\"elementor-widget-container\">\n\t\t\t\t\t\t\t<div class=\"elementor-toggle\">\n\t\t\t\t\t\t\t<div class=\"elementor-toggle-item\">\n\t\t\t\t\t<h3 id=\"elementor-tab-title-1031\" class=\"elementor-tab-title\" data-tab=\"1\" role=\"button\" aria-controls=\"elementor-tab-content-1031\" aria-expanded=\"false\">\n\t\t\t\t\t\t\t\t\t\t\t\t<span class=\"elementor-toggle-icon elementor-toggle-icon-right\" aria-hidden=\"true\">\n\t\t\t\t\t\t\t\t\t\t\t\t\t\t\t<span class=\"elementor-toggle-icon-closed\"><i class=\"fas fa-caret-right\"><\/i><\/span>\n\t\t\t\t\t\t\t\t<span class=\"elementor-toggle-icon-opened\"><i class=\"elementor-toggle-icon-opened fas fa-caret-up\"><\/i><\/span>\n\t\t\t\t\t\t\t\t\t\t\t\t\t<\/span>\n\t\t\t\t\t\t\t\t\t\t\t\t<a class=\"elementor-toggle-title\" tabindex=\"0\">Wartung von Hard und Software<\/a>\n\t\t\t\t\t<\/h3>\n\n\t\t\t\t\t<div id=\"elementor-tab-content-1031\" class=\"elementor-tab-content elementor-clearfix\" data-tab=\"1\" role=\"region\" aria-labelledby=\"elementor-tab-title-1031\"><p>Themen:<\/p><ul><li>Regelm\u00e4\u00dfige \u00dcberpr\u00fcfung der Hardwarekomponenten auf Funktionalit\u00e4t und Leistungsf\u00e4higkeit<\/li><li>Durchf\u00fchrung von Softwareaktualisierungen, um Sicherheitsl\u00fccken zu schlie\u00dfen und neue Funktionen einzuf\u00fchren<\/li><li>Reinigung und Pflege der Hardware, um eine optimale Betriebsleistung sicherzustellen<\/li><li>\u00dcberwachung der Systemressourcen, um Engp\u00e4sse zu identifizieren und rechtzeitig zu beheben<\/li><li>Durchf\u00fchrung von Diagnosetests, um Hardware- und Softwareprobleme fr\u00fchzeitig zu erkennen<\/li><\/ul><\/div>\n\t\t\t\t<\/div>\n\t\t\t\t\t\t\t<div class=\"elementor-toggle-item\">\n\t\t\t\t\t<h3 id=\"elementor-tab-title-1032\" class=\"elementor-tab-title\" data-tab=\"2\" role=\"button\" aria-controls=\"elementor-tab-content-1032\" aria-expanded=\"false\">\n\t\t\t\t\t\t\t\t\t\t\t\t<span class=\"elementor-toggle-icon elementor-toggle-icon-right\" aria-hidden=\"true\">\n\t\t\t\t\t\t\t\t\t\t\t\t\t\t\t<span class=\"elementor-toggle-icon-closed\"><i class=\"fas fa-caret-right\"><\/i><\/span>\n\t\t\t\t\t\t\t\t<span class=\"elementor-toggle-icon-opened\"><i class=\"elementor-toggle-icon-opened fas fa-caret-up\"><\/i><\/span>\n\t\t\t\t\t\t\t\t\t\t\t\t\t<\/span>\n\t\t\t\t\t\t\t\t\t\t\t\t<a class=\"elementor-toggle-title\" tabindex=\"0\">St\u00f6rungsbehebung<\/a>\n\t\t\t\t\t<\/h3>\n\n\t\t\t\t\t<div id=\"elementor-tab-content-1032\" class=\"elementor-tab-content elementor-clearfix\" data-tab=\"2\" role=\"region\" aria-labelledby=\"elementor-tab-title-1032\"><p>Themen:<\/p><ul><li>Analyse und Behebung von Hardware- und Softwareproblemen, die den normalen Betrieb behindern<\/li><li>Fernzugriff auf Systeme, um Probleme aus der Ferne zu diagnostizieren und zu beheben<\/li><li>Identifikation und Beseitigung von Netzwerkst\u00f6rungen, um eine kontinuierliche Konnektivit\u00e4t sicherzustellen<\/li><li>Erstellung von Wiederherstellungspl\u00e4nen und Notfallma\u00dfnahmen, um Ausfallzeiten zu minimieren<\/li><li>Schulung der Mitarbeiter, um ihnen bei der schnellen L\u00f6sung von h\u00e4ufig auftretenden Problemen zu helfen<\/li><\/ul><\/div>\n\t\t\t\t<\/div>\n\t\t\t\t\t\t\t<div class=\"elementor-toggle-item\">\n\t\t\t\t\t<h3 id=\"elementor-tab-title-1033\" class=\"elementor-tab-title\" data-tab=\"3\" role=\"button\" aria-controls=\"elementor-tab-content-1033\" aria-expanded=\"false\">\n\t\t\t\t\t\t\t\t\t\t\t\t<span class=\"elementor-toggle-icon elementor-toggle-icon-right\" aria-hidden=\"true\">\n\t\t\t\t\t\t\t\t\t\t\t\t\t\t\t<span class=\"elementor-toggle-icon-closed\"><i class=\"fas fa-caret-right\"><\/i><\/span>\n\t\t\t\t\t\t\t\t<span class=\"elementor-toggle-icon-opened\"><i class=\"elementor-toggle-icon-opened fas fa-caret-up\"><\/i><\/span>\n\t\t\t\t\t\t\t\t\t\t\t\t\t<\/span>\n\t\t\t\t\t\t\t\t\t\t\t\t<a class=\"elementor-toggle-title\" tabindex=\"0\">Sicherung \/ Backups<\/a>\n\t\t\t\t\t<\/h3>\n\n\t\t\t\t\t<div id=\"elementor-tab-content-1033\" class=\"elementor-tab-content elementor-clearfix\" data-tab=\"3\" role=\"region\" aria-labelledby=\"elementor-tab-title-1033\"><p>&#8222;Die Lebensversicherung der Organisationsdaten&#8220;<\/p><ul><li>Planung und Umsetzung regelm\u00e4\u00dfiger Backups, um Datenverluste zu verhindern<\/li><li>\u00dcberwachung und \u00dcberpr\u00fcfung der Backup-Integrit\u00e4t, um sicherzustellen, dass die Daten wiederhergestellt werden k\u00f6nnen<\/li><li>Verwendung von Cloud-Speicherl\u00f6sungen zur redundanten Datensicherung<\/li><li>Implementierung von Datenschutzrichtlinien und Zugriffsbeschr\u00e4nkungen f\u00fcr Backups<\/li><li>Durchf\u00fchrung von Datenwiederherstellungstests, um die Effektivit\u00e4t der Backup-L\u00f6sungen zu \u00fcberpr\u00fcfen<\/li><\/ul><\/div>\n\t\t\t\t<\/div>\n\t\t\t\t\t\t\t<div class=\"elementor-toggle-item\">\n\t\t\t\t\t<h3 id=\"elementor-tab-title-1034\" class=\"elementor-tab-title\" data-tab=\"4\" role=\"button\" aria-controls=\"elementor-tab-content-1034\" aria-expanded=\"false\">\n\t\t\t\t\t\t\t\t\t\t\t\t<span class=\"elementor-toggle-icon elementor-toggle-icon-right\" aria-hidden=\"true\">\n\t\t\t\t\t\t\t\t\t\t\t\t\t\t\t<span class=\"elementor-toggle-icon-closed\"><i class=\"fas fa-caret-right\"><\/i><\/span>\n\t\t\t\t\t\t\t\t<span class=\"elementor-toggle-icon-opened\"><i class=\"elementor-toggle-icon-opened fas fa-caret-up\"><\/i><\/span>\n\t\t\t\t\t\t\t\t\t\t\t\t\t<\/span>\n\t\t\t\t\t\t\t\t\t\t\t\t<a class=\"elementor-toggle-title\" tabindex=\"0\">Aktualisierungen \/ Updates<\/a>\n\t\t\t\t\t<\/h3>\n\n\t\t\t\t\t<div id=\"elementor-tab-content-1034\" class=\"elementor-tab-content elementor-clearfix\" data-tab=\"4\" role=\"region\" aria-labelledby=\"elementor-tab-title-1034\"><ul><li>\u00dcberwachung von Softwareherstellern und Sicherheitsl\u00fccken, um Updates rechtzeitig durchzuf\u00fchren<\/li><li>Testen von Updates in einer kontrollierten Umgebung, um Kompatibilit\u00e4t und Stabilit\u00e4t zu gew\u00e4hrleisten<\/li><li>Planung von Update-Zeitpl\u00e4nen, um Auswirkungen auf den Betrieb zu minimieren<\/li><li>Schulung der Benutzer \u00fcber die Bedeutung von Updates und deren ordnungsgem\u00e4\u00dfe Installation<\/li><li>Durchf\u00fchrung von Risikoanalysen, um potenzielle Auswirkungen von Updates auf bestehende Systeme zu bewerten<\/li><\/ul><\/div>\n\t\t\t\t<\/div>\n\t\t\t\t\t\t\t<div class=\"elementor-toggle-item\">\n\t\t\t\t\t<h3 id=\"elementor-tab-title-1035\" class=\"elementor-tab-title\" data-tab=\"5\" role=\"button\" aria-controls=\"elementor-tab-content-1035\" aria-expanded=\"false\">\n\t\t\t\t\t\t\t\t\t\t\t\t<span class=\"elementor-toggle-icon elementor-toggle-icon-right\" aria-hidden=\"true\">\n\t\t\t\t\t\t\t\t\t\t\t\t\t\t\t<span class=\"elementor-toggle-icon-closed\"><i class=\"fas fa-caret-right\"><\/i><\/span>\n\t\t\t\t\t\t\t\t<span class=\"elementor-toggle-icon-opened\"><i class=\"elementor-toggle-icon-opened fas fa-caret-up\"><\/i><\/span>\n\t\t\t\t\t\t\t\t\t\t\t\t\t<\/span>\n\t\t\t\t\t\t\t\t\t\t\t\t<a class=\"elementor-toggle-title\" tabindex=\"0\">Sicherheitsanalyse<\/a>\n\t\t\t\t\t<\/h3>\n\n\t\t\t\t\t<div id=\"elementor-tab-content-1035\" class=\"elementor-tab-content elementor-clearfix\" data-tab=\"5\" role=\"region\" aria-labelledby=\"elementor-tab-title-1035\"><ul><li>Durchf\u00fchrung von Sicherheitsaudits, um Schwachstellen in der IT-Infrastruktur zu identifizieren<\/li><li>Implementierung von Firewalls, Intrusion-Detection-Systemen und anderen Sicherheitsma\u00dfnahmen<\/li><li>\u00dcberwachung des Netzwerkverkehrs, um verd\u00e4chtige Aktivit\u00e4ten zu erkennen und darauf zu reagieren<\/li><li>Regelm\u00e4\u00dfige \u00dcberpr\u00fcfung der Zugriffsrechte und Berechtigungen, um Datenmissbrauch zu verhindern<\/li><li>Schulung der Mitarbeiter \u00fcber bew\u00e4hrte Sicherheitspraktiken und Sensibilisierung f\u00fcr Phishing-Angriffe und andere Bedrohungen<\/li><\/ul><\/div>\n\t\t\t\t<\/div>\n\t\t\t\t\t\t\t<div class=\"elementor-toggle-item\">\n\t\t\t\t\t<h3 id=\"elementor-tab-title-1036\" class=\"elementor-tab-title\" data-tab=\"6\" role=\"button\" aria-controls=\"elementor-tab-content-1036\" aria-expanded=\"false\">\n\t\t\t\t\t\t\t\t\t\t\t\t<span class=\"elementor-toggle-icon elementor-toggle-icon-right\" aria-hidden=\"true\">\n\t\t\t\t\t\t\t\t\t\t\t\t\t\t\t<span class=\"elementor-toggle-icon-closed\"><i class=\"fas fa-caret-right\"><\/i><\/span>\n\t\t\t\t\t\t\t\t<span class=\"elementor-toggle-icon-opened\"><i class=\"elementor-toggle-icon-opened fas fa-caret-up\"><\/i><\/span>\n\t\t\t\t\t\t\t\t\t\t\t\t\t<\/span>\n\t\t\t\t\t\t\t\t\t\t\t\t<a class=\"elementor-toggle-title\" tabindex=\"0\">Projektierung \/ Systemausbau<\/a>\n\t\t\t\t\t<\/h3>\n\n\t\t\t\t\t<div id=\"elementor-tab-content-1036\" class=\"elementor-tab-content elementor-clearfix\" data-tab=\"6\" role=\"region\" aria-labelledby=\"elementor-tab-title-1036\"><ul><li>Analyse der Anforderungen und Erstellung von technischen Spezifikationen f\u00fcr die Systemerweiterung<\/li><li>Evaluierung von Technologien und L\u00f6sungen, um die bestm\u00f6gliche Option auszuw\u00e4hlen<\/li><li>Planung und Koordination von Implementierungsphasen, um eine reibungslose Integration zu gew\u00e4hrleisten<\/li><li>Schulung der Benutzer auf die neuen Systemfunktionen und -prozesse<\/li><li>\u00dcberwachung des Projektfortschritts und regelm\u00e4\u00dfige Kommunikation mit den Stakeholdern<\/li><\/ul><\/div>\n\t\t\t\t<\/div>\n\t\t\t\t\t\t\t\t<\/div>\n\t\t\t\t\t\t<\/div>\n\t\t\t\t<\/div>\n\t\t\t\t\t<\/div>\n\t\t<\/div>\n\t\t\t\t\t<\/div>\n\t\t<\/section>\n\t\t\t\t<section class=\"elementor-section elementor-top-section elementor-element elementor-element-7cb86f88 elementor-section-boxed elementor-section-height-default elementor-section-height-default\" data-id=\"7cb86f88\" data-element_type=\"section\" data-e-type=\"section\">\n\t\t\t\t\t\t<div class=\"elementor-container elementor-column-gap-default\">\n\t\t\t\t\t<div class=\"elementor-column elementor-col-100 elementor-top-column elementor-element elementor-element-c7c5c02\" data-id=\"c7c5c02\" data-element_type=\"column\" data-e-type=\"column\">\n\t\t\t<div class=\"elementor-widget-wrap elementor-element-populated\">\n\t\t\t\t\t\t<div class=\"elementor-element elementor-element-6fd139f9 elementor-widget elementor-widget-text-editor\" data-id=\"6fd139f9\" data-element_type=\"widget\" data-e-type=\"widget\" data-widget_type=\"text-editor.default\">\n\t\t\t\t<div class=\"elementor-widget-container\">\n\t\t\t\t\t\t\t\t\t<p>Dawntec bietet seinen Kunden seit nunmehr als 10 Jahren in der Euregio Aachen, K\u00f6ln und den Niederlande L\u00f6sungen Knowhow &amp; Sachkompetenz, um neuen Anforderungen im Businessalltag gerecht zu werden.<\/p><p>Wir setzen dabei auf eine langfristige Zusammenarbeit und die Umsetzung im Sinne des Kunden und der Wirtschaftlichkeit.<\/p>\t\t\t\t\t\t\t\t<\/div>\n\t\t\t\t<\/div>\n\t\t\t\t\t<\/div>\n\t\t<\/div>\n\t\t\t\t\t<\/div>\n\t\t<\/section>\n\t\t\t\t<\/div>\n\t\t","protected":false},"excerpt":{"rendered":"<p>Dawntec bietet seinen Kunden seit nunmehr als 18 Jahren in der Euregio Aachen, K\u00f6ln und den Niederlande L\u00f6sungen Knowhow &amp; Sachkompetenz, um neuen Anforderungen im Businessalltag gerecht zu werden. Wir setzen dabei auf eine langfristige Zusammenarbeit und die Umsetzung im Sinne des Kunden und der Wirtschaftlichkeit. Leistungen und Themengebiete des IT Service von Dawntec: Wartung [&hellip;]<\/p>\n","protected":false},"author":1,"featured_media":69,"parent":0,"menu_order":0,"comment_status":"closed","ping_status":"closed","template":"","meta":{"footnotes":""},"class_list":["post-73","page","type-page","status-publish","has-post-thumbnail","hentry"],"_links":{"self":[{"href":"https:\/\/dawntec.com\/web\/wp-json\/wp\/v2\/pages\/73","targetHints":{"allow":["GET"]}}],"collection":[{"href":"https:\/\/dawntec.com\/web\/wp-json\/wp\/v2\/pages"}],"about":[{"href":"https:\/\/dawntec.com\/web\/wp-json\/wp\/v2\/types\/page"}],"author":[{"embeddable":true,"href":"https:\/\/dawntec.com\/web\/wp-json\/wp\/v2\/users\/1"}],"replies":[{"embeddable":true,"href":"https:\/\/dawntec.com\/web\/wp-json\/wp\/v2\/comments?post=73"}],"version-history":[{"count":28,"href":"https:\/\/dawntec.com\/web\/wp-json\/wp\/v2\/pages\/73\/revisions"}],"predecessor-version":[{"id":351,"href":"https:\/\/dawntec.com\/web\/wp-json\/wp\/v2\/pages\/73\/revisions\/351"}],"wp:featuredmedia":[{"embeddable":true,"href":"https:\/\/dawntec.com\/web\/wp-json\/wp\/v2\/media\/69"}],"wp:attachment":[{"href":"https:\/\/dawntec.com\/web\/wp-json\/wp\/v2\/media?parent=73"}],"curies":[{"name":"wp","href":"https:\/\/api.w.org\/{rel}","templated":true}]}}